{"id":20,"date":"2018-11-02T14:04:26","date_gmt":"2018-11-02T13:04:26","guid":{"rendered":"https:\/\/kindermode-voss.de\/?page_id=20"},"modified":"2021-02-08T13:59:50","modified_gmt":"2021-02-08T12:59:50","slug":"startseite","status":"publish","type":"page","link":"https:\/\/kindermode-voss.de\/","title":{"rendered":"Ursu lovely"},"content":{"rendered":"\n<p><strong>Willkommen bei Ursu lovely!<\/strong><\/p>\n\n\n\n<p>Auf den folgenden Seiten finden Sie Impressionen meiner Arbeit. <\/p>\n\n\n\n<p class=\"has-text-align-left has-extra-small-font-size\">Egal, ob ruhig oder la<span style=\"font-size: 1rem;\">ut, gro\u00df oder klein, blond oder braunhaarig: Jedes Kind ist einzigartig &#8211; genauso wie jedes meiner Kleidungsst\u00fccke.<\/span><br><br>Eines haben jedoch alle gemeinsam: Qualit\u00e4t. Jedes Unikat ist Handarbeit, kein Polyester, keine Kompromisse.<\/p>\n\n\n\n<p>Folgen Sie mir auch auf <a rel=\"noreferrer noopener\" href=\"https:\/\/www.instagram.com\/ursu.lovely\/?igshid=1p7ziyaw037xb\" data-type=\"URL\" data-id=\"https:\/\/www.instagram.com\/ursu.lovely\/?igshid=1p7ziyaw037xb\" target=\"_blank\">Instagram<\/a>! <\/p>\n","protected":false},"excerpt":{"rendered":"<p>Willkommen bei Ursu lovely! Auf den folgenden Seiten finden Sie Impressionen meiner Arbeit. Egal, ob ruhig oder laut, gro\u00df oder klein, blond oder braunhaarig: Jedes Kind ist einzigartig &#8211; genauso wie jedes meiner Kleidungsst\u00fccke. Eines haben jedoch alle gemeinsam: Qualit\u00e4t. Jedes Unikat ist Handarbeit, kein Polyester, keine Kompromisse. Folgen Sie mir auch auf Instagram!<\/p>\n","protected":false},"author":1,"featured_media":0,"parent":0,"menu_order":0,"comment_status":"closed","ping_status":"closed","template":"","meta":{"footnotes":""},"class_list":["post-20","page","type-page","status-publish","hentry","entry"],"_links":{"self":[{"href":"https:\/\/kindermode-voss.de\/index.php\/wp-json\/wp\/v2\/pages\/20","targetHints":{"allow":["GET"]}}],"collection":[{"href":"https:\/\/kindermode-voss.de\/index.php\/wp-json\/wp\/v2\/pages"}],"about":[{"href":"https:\/\/kindermode-voss.de\/index.php\/wp-json\/wp\/v2\/types\/page"}],"author":[{"embeddable":true,"href":"https:\/\/kindermode-voss.de\/index.php\/wp-json\/wp\/v2\/users\/1"}],"replies":[{"embeddable":true,"href":"https:\/\/kindermode-voss.de\/index.php\/wp-json\/wp\/v2\/comments?post=20"}],"version-history":[{"count":12,"href":"https:\/\/kindermode-voss.de\/index.php\/wp-json\/wp\/v2\/pages\/20\/revisions"}],"predecessor-version":[{"id":121,"href":"https:\/\/kindermode-voss.de\/index.php\/wp-json\/wp\/v2\/pages\/20\/revisions\/121"}],"wp:attachment":[{"href":"https:\/\/kindermode-voss.de\/index.php\/wp-json\/wp\/v2\/media?parent=20"}],"curies":[{"name":"wp","href":"https:\/\/api.w.org\/{rel}","templated":true}]}}